{"id":16,"date":"2020-04-06T17:32:01","date_gmt":"2020-04-06T17:32:01","guid":{"rendered":"http:\/\/blagobisernogostrva.com\/?page_id=16"},"modified":"2020-05-24T05:31:33","modified_gmt":"2020-05-24T05:31:33","slug":"pocetna","status":"publish","type":"page","link":"https:\/\/blagobisernogostrva.com\/","title":{"rendered":"Po\u010detna"},"content":{"rendered":"<p>[et_pb_section fb_built=&#8220;1&#8243; _builder_version=&#8220;4.4.2&#8243; custom_margin=&#8220;0px|0px|0px|0px|false|false&#8220; custom_padding=&#8220;0px|0px|0px|0px|false|false&#8220;][et_pb_row _builder_version=&#8220;4.4.2&#8243; width=&#8220;100%&#8220; custom_margin=&#8220;0px|0px|0px|0px|false|false&#8220; custom_padding=&#8220;0px|0px|0px|0px|false|false&#8220;][et_pb_column type=&#8220;4_4&#8243; _builder_version=&#8220;4.4.2&#8243;][et_pb_code _builder_version=&#8220;4.4.2&#8243;][rev_slider alias=&#8220;home-1&#8243;][\/rev_slider][\/et_pb_code][\/et_pb_column][\/et_pb_row][\/et_pb_section][et_pb_section fb_built=&#8220;1&#8243; _builder_version=&#8220;4.4.2&#8243; custom_margin=&#8220;-4px|||||&#8220; custom_padding=&#8220;0px|||||&#8220;][et_pb_row column_structure=&#8220;1_3,1_3,1_3&#8243; _builder_version=&#8220;4.4.2&#8243;][et_pb_column type=&#8220;1_3&#8243; _builder_version=&#8220;4.4.2&#8243;][et_pb_blurb title=&#8220;\u0160TRUDLICE&#8220; image=&#8220;https:\/\/blagobisernogostrva.com\/wp-content\/uploads\/2020\/05\/strudlice-252g.png&#8220; _builder_version=&#8220;4.4.2&#8243; header_font=&#8220;|||on|||||&#8220; header_text_align=&#8220;center&#8220; body_text_align=&#8220;justify&#8220; link_option_url=&#8220;\/product_category\/strudlice\/&#8220;]<\/p>\n<p>Napravljene od pa\u017eljivo biranih sastojaka, na\u0161e \u0161trudlice su za kratko vreme postale prepoznatljiv slatki\u0161. Izaberite izme\u0111u klasi\u010dnih, medenih, tamnih ili \u010doko \u0161trudlica i prepustite se u\u017eivanju.<\/p>\n<p>[\/et_pb_blurb][\/et_pb_column][et_pb_column type=&#8220;1_3&#8243; _builder_version=&#8220;4.4.2&#8243;][et_pb_blurb title=&#8220;Pravi Doma\u0107i&#8220; image=&#8220;https:\/\/blagobisernogostrva.com\/wp-content\/uploads\/2020\/05\/262237-Pravi-Domaci-Choko-1.png&#8220; _builder_version=&#8220;4.4.2&#8243; header_font=&#8220;|||on|||||&#8220; header_text_align=&#8220;center&#8220; body_text_align=&#8220;justify&#8220; link_option_url=&#8220;\/products\/pravi-domaci-230g\/&#8220;]<\/p>\n<p>Svojim kvalitetom i neodoljivim ukusom, opravdali su Va\u0161a o\u010dekivanja.<br \/> U \u010detiri razli\u010dita ukusa, sa pravom \u010dokoladom, samo za Vas!<\/p>\n<p>[\/et_pb_blurb][\/et_pb_column][et_pb_column type=&#8220;1_3&#8243; _builder_version=&#8220;4.4.2&#8243;][et_pb_blurb title=&#8220;Napolitanke&#8220; image=&#8220;https:\/\/blagobisernogostrva.com\/wp-content\/uploads\/2020\/05\/block-stiks-napolitanke-400-lesnik.png&#8220; _builder_version=&#8220;4.4.2&#8243; header_font=&#8220;|||on|||||&#8220; header_text_align=&#8220;center&#8220; body_text_align=&#8220;justify&#8220; link_option_url=&#8220;\/product_category\/napolitanke\/&#8220; hover_enabled=&#8220;0&#8243;]<\/p>\n<p>Hrskave napolitanke punjene bogatim kremom.\u00a0<span>Zasladite\u00a0<\/span><span>Va\u0161e trenutke sa prijateljima i prepustite se u\u017eivanju.<\/span><br \/> Le\u0161nik, kakao, narand\u017ea, limun, malina\/jogurt, borovnica, na Vama je da birate.<\/p>\n<p>[\/et_pb_blurb][\/et_pb_column][\/et_pb_row][et_pb_row column_structure=&#8220;1_2,1_2&#8243; _builder_version=&#8220;4.4.2&#8243;][et_pb_column type=&#8220;1_2&#8243; _builder_version=&#8220;4.4.2&#8243;][et_pb_text _builder_version=&#8220;4.4.2&#8243;]<\/p>\n<div class=\"fusion-title title\">\n<h3 class=\"title-heading-left\">Za\u0161to izabrati Blago Bisernog Ostrva?<\/h3>\n<\/div>\n<ul class=\"fusion-checklist\">\n<li class=\"fusion-li-item size-small\">\n<div class=\"fusion-li-item-content\">Pa\u017eljivo birani sastojci<\/div>\n<\/li>\n<li class=\"fusion-li-item size-small\">\n<div class=\"fusion-li-item-content\">Originalni recepti<\/div>\n<\/li>\n<li class=\"fusion-li-item size-small\">\n<div class=\"fusion-li-item-content\">30 godina iskustva<\/div>\n<\/li>\n<li class=\"fusion-li-item size-small\">\n<div class=\"fusion-li-item-content\">Strogi standardi kvaliteta<\/div>\n<\/li>\n<li class=\"fusion-li-item size-small\">\n<div class=\"fusion-li-item-content\">Pravljeni sa ljubavlju<\/div>\n<\/li>\n<\/ul>\n<p>[\/et_pb_text][\/et_pb_column][et_pb_column type=&#8220;1_2&#8243; _builder_version=&#8220;4.4.2&#8243;][et_pb_map address=&#8220;Ba\u0161aidski put bb, Novi Be\u010dej&#8220; zoom_level=&#8220;9&#8243; address_lat=&#8220;45.596215076244&#8243; address_lng=&#8220;20.139537220345&#8243; _builder_version=&#8220;4.4.2&#8243;][et_pb_map_pin title=&#8220;\u017ditoprerada DM&#8220; pin_address=&#8220;Ba\u0161aidski Put 5, Novi Be\u010dej, Serbia&#8220; zoom_level=&#8220;16&#8243; pin_address_lat=&#8220;45.601217927381&#8243; pin_address_lng=&#8220;20.149075984955&#8243; _builder_version=&#8220;4.4.2&#8243;][\/et_pb_map_pin][\/et_pb_map][\/et_pb_column][\/et_pb_row][\/et_pb_section]<\/p>\n","protected":false},"excerpt":{"rendered":"<p>[rev_slider alias=&#8220;home-1&#8243;][\/rev_slider]Napravljene od pa\u017eljivo biranih sastojaka, na\u0161e \u0161trudlice su za kratko vreme postale prepoznatljiv slatki\u0161. Izaberite izme\u0111u klasi\u010dnih, medenih, tamnih ili \u010doko \u0161trudlica i prepustite se u\u017eivanju.Svojim kvalitetom i neodoljivim ukusom, opravdali su Va\u0161a o\u010dekivanja. U \u010detiri razli\u010dita ukusa, sa pravom \u010dokoladom, samo za Vas!Hrskave napolitanke punjene bogatim kremom.\u00a0Zasladite\u00a0Va\u0161e trenutke sa prijateljima i prepustite se [&hellip;]<\/p>\n","protected":false},"author":1,"featured_media":0,"parent":0,"menu_order":0,"comment_status":"closed","ping_status":"closed","template":"","meta":{"_acf_changed":false,"_et_pb_use_builder":"on","_et_pb_old_content":"","_et_gb_content_width":"","footnotes":""},"class_list":["post-16","page","type-page","status-publish","hentry"],"acf":[],"yoast_head":"<!-- This site is optimized with the Yoast SEO plugin v24.6 - https:\/\/yoast.com\/wordpress\/plugins\/seo\/ -->\n<title>Po\u010detna - Blago Bisernog Ostrva<\/title>\n<meta name=\"robots\" content=\"index, follow, max-snippet:-1, max-image-preview:large, max-video-preview:-1\" \/>\n<link rel=\"canonical\" href=\"https:\/\/blagobisernogostrva.com\/\" \/>\n<meta property=\"og:locale\" content=\"sr_RS\" \/>\n<meta property=\"og:type\" content=\"article\" \/>\n<meta property=\"og:title\" content=\"Po\u010detna - Blago Bisernog Ostrva\" \/>\n<meta property=\"og:description\" content=\"[rev_slider alias=&quot;home-1&quot;][\/rev_slider]Napravljene od pa\u017eljivo biranih sastojaka, na\u0161e \u0161trudlice su za kratko vreme postale prepoznatljiv slatki\u0161. Izaberite izme\u0111u klasi\u010dnih, medenih, tamnih ili \u010doko \u0161trudlica i prepustite se u\u017eivanju.Svojim kvalitetom i neodoljivim ukusom, opravdali su Va\u0161a o\u010dekivanja. U \u010detiri razli\u010dita ukusa, sa pravom \u010dokoladom, samo za Vas!Hrskave napolitanke punjene bogatim kremom.\u00a0Zasladite\u00a0Va\u0161e trenutke sa prijateljima i prepustite se [&hellip;]\" \/>\n<meta property=\"og:url\" content=\"https:\/\/blagobisernogostrva.com\/\" \/>\n<meta property=\"og:site_name\" content=\"Blago Bisernog Ostrva\" \/>\n<meta property=\"article:modified_time\" content=\"2020-05-24T05:31:33+00:00\" \/>\n<meta name=\"twitter:card\" content=\"summary_large_image\" \/>\n<meta name=\"twitter:label1\" content=\"\u041f\u0440\u043e\u0446\u0435\u045a\u0435\u043d\u043e \u0432\u0440\u0435\u043c\u0435 \u0447\u0438\u0442\u0430\u045a\u0430\" \/>\n\t<meta name=\"twitter:data1\" content=\"2 \u043c\u0438\u043d\u0443\u0442\u0430\" \/>\n<script type=\"application\/ld+json\" class=\"yoast-schema-graph\">{\"@context\":\"https:\/\/schema.org\",\"@graph\":[{\"@type\":\"WebPage\",\"@id\":\"https:\/\/blagobisernogostrva.com\/\",\"url\":\"https:\/\/blagobisernogostrva.com\/\",\"name\":\"Po\u010detna - Blago Bisernog Ostrva\",\"isPartOf\":{\"@id\":\"https:\/\/blagobisernogostrva.com\/#website\"},\"datePublished\":\"2020-04-06T17:32:01+00:00\",\"dateModified\":\"2020-05-24T05:31:33+00:00\",\"breadcrumb\":{\"@id\":\"https:\/\/blagobisernogostrva.com\/#breadcrumb\"},\"inLanguage\":\"sr-RS\",\"potentialAction\":[{\"@type\":\"ReadAction\",\"target\":[\"https:\/\/blagobisernogostrva.com\/\"]}]},{\"@type\":\"BreadcrumbList\",\"@id\":\"https:\/\/blagobisernogostrva.com\/#breadcrumb\",\"itemListElement\":[{\"@type\":\"ListItem\",\"position\":1,\"name\":\"Home\",\"item\":\"https:\/\/blagobisernogostrva.com\/\"},{\"@type\":\"ListItem\",\"position\":2,\"name\":\"Po\u010detna\"}]},{\"@type\":\"WebSite\",\"@id\":\"https:\/\/blagobisernogostrva.com\/#website\",\"url\":\"https:\/\/blagobisernogostrva.com\/\",\"name\":\"Blago Bisernog Ostrva\",\"description\":\"Va\u0161 najsla\u0111i zalogaj\",\"publisher\":{\"@id\":\"https:\/\/blagobisernogostrva.com\/#organization\"},\"potentialAction\":[{\"@type\":\"SearchAction\",\"target\":{\"@type\":\"EntryPoint\",\"urlTemplate\":\"https:\/\/blagobisernogostrva.com\/?s={search_term_string}\"},\"query-input\":{\"@type\":\"PropertyValueSpecification\",\"valueRequired\":true,\"valueName\":\"search_term_string\"}}],\"inLanguage\":\"sr-RS\"},{\"@type\":\"Organization\",\"@id\":\"https:\/\/blagobisernogostrva.com\/#organization\",\"name\":\"Blago Bisernog Ostrva - \u017ditoprerada DM\",\"url\":\"https:\/\/blagobisernogostrva.com\/\",\"logo\":{\"@type\":\"ImageObject\",\"inLanguage\":\"sr-RS\",\"@id\":\"https:\/\/blagobisernogostrva.com\/#\/schema\/logo\/image\/\",\"url\":\"https:\/\/blagobisernogostrva.com\/wp-content\/uploads\/2020\/04\/blagobisernogostrva-logo.png\",\"contentUrl\":\"https:\/\/blagobisernogostrva.com\/wp-content\/uploads\/2020\/04\/blagobisernogostrva-logo.png\",\"width\":300,\"height\":139,\"caption\":\"Blago Bisernog Ostrva - \u017ditoprerada DM\"},\"image\":{\"@id\":\"https:\/\/blagobisernogostrva.com\/#\/schema\/logo\/image\/\"}}]}<\/script>\n<!-- \/ Yoast SEO plugin. -->","yoast_head_json":{"title":"Po\u010detna - Blago Bisernog Ostrva","robots":{"index":"index","follow":"follow","max-snippet":"max-snippet:-1","max-image-preview":"max-image-preview:large","max-video-preview":"max-video-preview:-1"},"canonical":"https:\/\/blagobisernogostrva.com\/","og_locale":"sr_RS","og_type":"article","og_title":"Po\u010detna - Blago Bisernog Ostrva","og_description":"[rev_slider alias=\"home-1\"][\/rev_slider]Napravljene od pa\u017eljivo biranih sastojaka, na\u0161e \u0161trudlice su za kratko vreme postale prepoznatljiv slatki\u0161. Izaberite izme\u0111u klasi\u010dnih, medenih, tamnih ili \u010doko \u0161trudlica i prepustite se u\u017eivanju.Svojim kvalitetom i neodoljivim ukusom, opravdali su Va\u0161a o\u010dekivanja. U \u010detiri razli\u010dita ukusa, sa pravom \u010dokoladom, samo za Vas!Hrskave napolitanke punjene bogatim kremom.\u00a0Zasladite\u00a0Va\u0161e trenutke sa prijateljima i prepustite se [&hellip;]","og_url":"https:\/\/blagobisernogostrva.com\/","og_site_name":"Blago Bisernog Ostrva","article_modified_time":"2020-05-24T05:31:33+00:00","twitter_card":"summary_large_image","twitter_misc":{"\u041f\u0440\u043e\u0446\u0435\u045a\u0435\u043d\u043e \u0432\u0440\u0435\u043c\u0435 \u0447\u0438\u0442\u0430\u045a\u0430":"2 \u043c\u0438\u043d\u0443\u0442\u0430"},"schema":{"@context":"https:\/\/schema.org","@graph":[{"@type":"WebPage","@id":"https:\/\/blagobisernogostrva.com\/","url":"https:\/\/blagobisernogostrva.com\/","name":"Po\u010detna - Blago Bisernog Ostrva","isPartOf":{"@id":"https:\/\/blagobisernogostrva.com\/#website"},"datePublished":"2020-04-06T17:32:01+00:00","dateModified":"2020-05-24T05:31:33+00:00","breadcrumb":{"@id":"https:\/\/blagobisernogostrva.com\/#breadcrumb"},"inLanguage":"sr-RS","potentialAction":[{"@type":"ReadAction","target":["https:\/\/blagobisernogostrva.com\/"]}]},{"@type":"BreadcrumbList","@id":"https:\/\/blagobisernogostrva.com\/#breadcrumb","itemListElement":[{"@type":"ListItem","position":1,"name":"Home","item":"https:\/\/blagobisernogostrva.com\/"},{"@type":"ListItem","position":2,"name":"Po\u010detna"}]},{"@type":"WebSite","@id":"https:\/\/blagobisernogostrva.com\/#website","url":"https:\/\/blagobisernogostrva.com\/","name":"Blago Bisernog Ostrva","description":"Va\u0161 najsla\u0111i zalogaj","publisher":{"@id":"https:\/\/blagobisernogostrva.com\/#organization"},"potentialAction":[{"@type":"SearchAction","target":{"@type":"EntryPoint","urlTemplate":"https:\/\/blagobisernogostrva.com\/?s={search_term_string}"},"query-input":{"@type":"PropertyValueSpecification","valueRequired":true,"valueName":"search_term_string"}}],"inLanguage":"sr-RS"},{"@type":"Organization","@id":"https:\/\/blagobisernogostrva.com\/#organization","name":"Blago Bisernog Ostrva - \u017ditoprerada DM","url":"https:\/\/blagobisernogostrva.com\/","logo":{"@type":"ImageObject","inLanguage":"sr-RS","@id":"https:\/\/blagobisernogostrva.com\/#\/schema\/logo\/image\/","url":"https:\/\/blagobisernogostrva.com\/wp-content\/uploads\/2020\/04\/blagobisernogostrva-logo.png","contentUrl":"https:\/\/blagobisernogostrva.com\/wp-content\/uploads\/2020\/04\/blagobisernogostrva-logo.png","width":300,"height":139,"caption":"Blago Bisernog Ostrva - \u017ditoprerada DM"},"image":{"@id":"https:\/\/blagobisernogostrva.com\/#\/schema\/logo\/image\/"}}]}},"_links":{"self":[{"href":"https:\/\/blagobisernogostrva.com\/index.php?rest_route=\/wp\/v2\/pages\/16","targetHints":{"allow":["GET"]}}],"collection":[{"href":"https:\/\/blagobisernogostrva.com\/index.php?rest_route=\/wp\/v2\/pages"}],"about":[{"href":"https:\/\/blagobisernogostrva.com\/index.php?rest_route=\/wp\/v2\/types\/page"}],"author":[{"embeddable":true,"href":"https:\/\/blagobisernogostrva.com\/index.php?rest_route=\/wp\/v2\/users\/1"}],"replies":[{"embeddable":true,"href":"https:\/\/blagobisernogostrva.com\/index.php?rest_route=%2Fwp%2Fv2%2Fcomments&post=16"}],"version-history":[{"count":23,"href":"https:\/\/blagobisernogostrva.com\/index.php?rest_route=\/wp\/v2\/pages\/16\/revisions"}],"predecessor-version":[{"id":490,"href":"https:\/\/blagobisernogostrva.com\/index.php?rest_route=\/wp\/v2\/pages\/16\/revisions\/490"}],"wp:attachment":[{"href":"https:\/\/blagobisernogostrva.com\/index.php?rest_route=%2Fwp%2Fv2%2Fmedia&parent=16"}],"curies":[{"name":"wp","href":"https:\/\/api.w.org\/{rel}","templated":true}]}}