{"id":55,"date":"2020-04-06T19:41:40","date_gmt":"2020-04-06T19:41:40","guid":{"rendered":"http:\/\/blagobisernogostrva.com\/?page_id=55"},"modified":"2020-05-20T05:36:17","modified_gmt":"2020-05-20T05:36:17","slug":"o-nama","status":"publish","type":"page","link":"https:\/\/blagobisernogostrva.com\/?page_id=55","title":{"rendered":"O nama"},"content":{"rendered":"<p>[et_pb_section fb_built=&#8220;1&#8243; _builder_version=&#8220;4.4.2&#8243; background_color=&#8220;#fcd07f&#8220; custom_padding=&#8220;30px||30px||false|false&#8220;][et_pb_row _builder_version=&#8220;4.4.2&#8243; custom_padding=&#8220;25px||25px||true|false&#8220;][et_pb_column type=&#8220;4_4&#8243; _builder_version=&#8220;4.4.2&#8243;][et_pb_post_title meta=&#8220;off&#8220; featured_image=&#8220;off&#8220; _builder_version=&#8220;4.4.2&#8243; text_orientation=&#8220;center&#8220;][\/et_pb_post_title][\/et_pb_column][\/et_pb_row][\/et_pb_section][et_pb_section fb_built=&#8220;1&#8243; prev_background_color=&#8220;#fcd07f&#8220; admin_label=&#8220;section&#8220; _builder_version=&#8220;4.4.2&#8243; top_divider_style=&#8220;triangle&#8220; top_divider_height=&#8220;50px&#8220; top_divider_flip=&#8220;vertical&#8220;][et_pb_row admin_label=&#8220;row&#8220; _builder_version=&#8220;3.25&#8243; background_size=&#8220;initial&#8220; background_position=&#8220;top_left&#8220; background_repeat=&#8220;repeat&#8220;][et_pb_column type=&#8220;4_4&#8243; _builder_version=&#8220;3.25&#8243; custom_padding=&#8220;|||&#8220; custom_padding__hover=&#8220;|||&#8220;][et_pb_text admin_label=&#8220;Text&#8220; _builder_version=&#8220;4.4.2&#8243; background_size=&#8220;initial&#8220; background_position=&#8220;top_left&#8220; background_repeat=&#8220;repeat&#8220; hover_enabled=&#8220;0&#8243;]<\/p>\n<p><em>\u017ditoprerada DM<\/em>, je poslovni partner kompanijama na \u010detiri kontinenta. Na\u0161i proizvodi, pod brendom \u201eBlago Bisernog Ostrva\u201c\u00a0i brendom na\u0161ih kupaca i poslovnih partnera, se nalaze na tr\u017ei\u0161tima Evrope, Amerike, Azije i Australije.<\/p>\n<p>Ovo smo zavredili \u010dinjenicom, da smo uspeli da shvatimo \u017eelje i zahteve kupaca i da smo im te zahteve ispunili. Mi jednostavno proizvodimo po meri na\u0161ih kupaca. Ne trudimo se da im prodamo ono \u0161to proizvedemo, ve\u0107 proizvodimo i nudimo im ono \u0161to oni \u017eele da kupe.<\/p>\n<p>Ne zadovoljavamo se prosekom i zato kupcima ne nudimo prosek.<\/p>\n<p>U na\u0161e proizvode je utkano tridesetogodi\u0161nje znanje i\u00a0iskustvo. Pa\u017eljivo biramo sirovine jer je to osnov vrhunskog proizvoda. Znamo ko su proizvo\u0111a\u010di sirovina koje koristimo, znamo ko su distributeri i ko nam bezbedno sirovine prevozi. To su poznate i priznate kompanije u svojoj bran\u0161i i na\u0161i su dugogodi\u0161nji poslovni partneri.<\/p>\n<p>Definisali smo lance nabavke, udru\u017eili se na na\u0161im isporu\u010diocima u borbi za spre\u010davanje prevara, a sve u cilju da kupcu ponudimo kvalitetan i bezbedan proizvod, onakav na kakav smo ih navikli.<\/p>\n<p>Volimo da se menjamo, agilni smo i okretni i mo\u017eemo brzo da ispunimo zahteve kupaca. Povezali smo iskustvo i tradiciju sa novim trendovima. Pratimo i realizujemo razvoj novih proizvoda i tehnologije, uvodimo novu opremu, modernizujemo procedure rada, automatizujemo procese, uklanjamo mesta mogu\u0107eg naru\u0161avanja bezbednosti na\u0161ih proizvoda i edukujemo zaposlene.<\/p>\n<p>Rastemo i iz godine u godinu\u00a0pro\u0161irujemo asortiman proizvoda. Fokusirani smo na permanentno odr\u017eavanje i rast kvaliteta i bezbednosti proizvoda jer nam nije primaran samo ekonomski interes. Mi smo porodi\u010dna firma i mi poslovne odnose gradimo i za generacije koje dolaze.<\/p>\n<p>Ponosimo se svojim kupcima, svojim poslovnim aran\u017emanima i svojim proizvodima.<\/p>\n<p>Na\u0161i proizvodi nisu samo trajni slatki kola\u010d, \u010dajno pecivo ili vafl proizvod, to mo\u017ee svako. Na\u0161i proizvodi su neodoljivo miri\u0161ljavo zadovoljstvo koje se topi u ustima \u2013 sve po \u017eelji kupca.<\/p>\n<p>Implementirali smo standarde BRS V8, IFS V6.1, HACCP i ISO 9001:2015. Auditori i kupci koji su ocenjivali ispunjenost zahteva na\u0161ih poslovnih procesa prema standardima su nam dali visoke ocene. Definisali smo i primenjujemo celovit sistem za\u0161tite hrane koji uklju\u010dije KVALITET (Food Quality), BEZBEDNOST (Food Safety), PREVARE (Food Fraud) i ODBRANU (Food Defense).<\/p>\n<p>[\/et_pb_text][\/et_pb_column][\/et_pb_row][\/et_pb_section]<\/p>\n","protected":false},"excerpt":{"rendered":"<p>\u017ditoprerada DM, je poslovni partner kompanijama na \u010detiri kontinenta. Na\u0161i proizvodi, pod brendom \u201eBlago Bisernog Ostrva\u201c\u00a0i brendom na\u0161ih kupaca i poslovnih partnera, se nalaze na tr\u017ei\u0161tima Evrope, Amerike, Azije i Australije. Ovo smo zavredili \u010dinjenicom, da smo uspeli da shvatimo \u017eelje i zahteve kupaca i da smo im te zahteve ispunili. Mi jednostavno proizvodimo po [&hellip;]<\/p>\n","protected":false},"author":1,"featured_media":0,"parent":0,"menu_order":0,"comment_status":"closed","ping_status":"closed","template":"","meta":{"_acf_changed":false,"_et_pb_use_builder":"on","_et_pb_old_content":"<!-- wp:paragraph -->\n<p><strong>\u017ditoprerada DM DOO<\/strong>&nbsp;je fabrika konditorskih proizvoda osnovana 2010. godine u Novom Be\u010deju i proizvodi pod brendom \u201e<strong><em>Blago Bisernog Ostrva\u201c&nbsp;<\/em><\/strong>\u010dime se jedan de\u010diji san o izgubljenom blagu koje treba na\u0107i, pretvorio u javu.<\/p>\n<!-- \/wp:paragraph -->\n\n<!-- wp:paragraph -->\n<p>Iako postojimo samo pet godina, u na\u0161e proizvode utkano je tridesetogodi\u0161nje znanje i&nbsp;iskustvo, koje je u\u010dinilo da samo za Vas proizvedemo proizvode vrhunskog kvaliteta, \u010dime smo vrlo brzo zadobili Va\u0161e poverenje i na to smo vrlo ponosni.<\/p>\n<!-- \/wp:paragraph -->\n\n<!-- wp:paragraph -->\n<p>Po\u010dev, od pa\u017eljivo odabranih sirovina i ambala\u017enog materijala, kroz ciklus prerade i pakovanja i distribucije, vr\u0161imo snabdevanje tr\u017ei\u0161ta proizvodima vrhunskog kvaliteta.<\/p>\n<!-- \/wp:paragraph -->\n\n<!-- wp:paragraph -->\n<p>Stru\u010dnjaci pa\u017eljivo kontroli\u0161u proces proizvodnje i kvalitet proizvoda, \u010dime obezbe\u0111uju usagla\u0161enost gotovih proizvoda sa zahtevima standarda i potrebama kupaca.<\/p>\n<!-- \/wp:paragraph -->\n\n<!-- wp:paragraph -->\n<p>Od momenta osnivanja rastemo iz godine u godinu&nbsp; i pro\u0161irujemo svoj asortiman. Po\u010deli smo sa \u0161trudlama, \u010diji kvalitet ste vrlo brzo prepoznali. Uporni i nepokolebljivi, posve\u0107eni smo stalnom razvoju i napretku, tako da se u&nbsp; na\u0161em proizvodnom programu&nbsp;od 2011. godine&nbsp;nalaze i Medene \u0161trudle \u2013 delimi\u010dno prelivene i dekorisane \u010dokoladom, po \u010demu postajemo prepoznatljivi i jedinstveni.<\/p>\n<!-- \/wp:paragraph -->\n\n<!-- wp:paragraph -->\n<p>Razvojem preduze\u0107a, u decembru 2012. godine uvodimo jo\u0161 jednu proizvodnu liniju \u2013 vafel proizvode, koji danas zauzimaju visoko mesto u\u010de\u0161\u0107a na\u0161ih proizvoda na tr\u017ei\u0161tu. Ubrzo kre\u0107emo sa proizvodnjom \u010dajnih peciva, od kojih posebno izdvajamo Pravi doma\u0107i keks delimi\u010dno preliven \u010dokoladom, proizvod po kome smo druga\u010diji i koji je za kratko vreme postao na\u0161&nbsp; top artikal.<\/p>\n<!-- \/wp:paragraph -->\n\n<!-- wp:paragraph -->\n<p>Stalnom \u017eeljom za novim i jo\u0161 boljim, po\u010dinjemo sa proizvodnjom i integralnog keksa s \u010dokoladom \u2013 \u010coko incoo, koji je opravdao sva&nbsp; na\u0161a o\u010dekivanja i zadovoljio Va\u0161e stroge kriterijume.<\/p>\n<!-- \/wp:paragraph -->\n\n<!-- wp:paragraph -->\n<p>Danas, fokusirani na dobar kvalitet uz konstantnu&nbsp; inovaciju opreme i proizvoda, ponosimo se jo\u0161 jednim proizvodom \u2013 \u010coko pravi doma\u0107i, koji&nbsp; je oli\u010denje na\u0161e neprekidne borbe i \u017eelje da zadovoljimo najistan\u010danije ukuse.<\/p>\n<!-- \/wp:paragraph -->\n\n<!-- wp:paragraph -->\n<p>Ponosimo se svojim poslovnim aran\u017emanom, svojim kupcima i svojim proizvodima, a svoju posve\u0107enost&nbsp;kvalitetu potvr\u0111ujemo uskla\u0111eno\u0161\u0107u sa&nbsp;standardom kvaliteta ISO 9001:2008 i standardom za kontrolu kvaliteta i bezbednosti prehrambenih proizvoda IFS Food Verzija 6, International Featured, Standards uz dosledno po\u0161tovanje i primenu HACCP principa usagla\u0161enih sa zahtevima Codex Alimentarius CAC\/RCP 1-1969, Rev 4(2003).<\/p>\n<!-- \/wp:paragraph -->\n\n<!-- wp:paragraph -->\n<p>Hvala Vam \u0161to ste na\u0161e snove, na\u0161e \u017eelje i na\u0161 kvalitet prepoznali.<\/p>\n<!-- \/wp:paragraph -->\n\n<!-- wp:paragraph -->\n<p>Hvala \u0161to ste se odlu\u010dili za nas.<\/p>\n<!-- \/wp:paragraph -->","_et_gb_content_width":"","footnotes":""},"class_list":["post-55","page","type-page","status-publish","hentry"],"acf":[],"yoast_head":"<!-- This site is optimized with the Yoast SEO plugin v24.6 - https:\/\/yoast.com\/wordpress\/plugins\/seo\/ -->\n<title>O nama - Blago Bisernog Ostrva<\/title>\n<meta name=\"robots\" content=\"index, follow, max-snippet:-1, max-image-preview:large, max-video-preview:-1\" \/>\n<link rel=\"canonical\" href=\"https:\/\/blagobisernogostrva.com\/?page_id=55\" \/>\n<meta property=\"og:locale\" content=\"sr_RS\" \/>\n<meta property=\"og:type\" content=\"article\" \/>\n<meta property=\"og:title\" content=\"O nama - Blago Bisernog Ostrva\" \/>\n<meta property=\"og:description\" content=\"\u017ditoprerada DM, je poslovni partner kompanijama na \u010detiri kontinenta. Na\u0161i proizvodi, pod brendom \u201eBlago Bisernog Ostrva\u201c\u00a0i brendom na\u0161ih kupaca i poslovnih partnera, se nalaze na tr\u017ei\u0161tima Evrope, Amerike, Azije i Australije. Ovo smo zavredili \u010dinjenicom, da smo uspeli da shvatimo \u017eelje i zahteve kupaca i da smo im te zahteve ispunili. Mi jednostavno proizvodimo po [&hellip;]\" \/>\n<meta property=\"og:url\" content=\"https:\/\/blagobisernogostrva.com\/?page_id=55\" \/>\n<meta property=\"og:site_name\" content=\"Blago Bisernog Ostrva\" \/>\n<meta property=\"article:modified_time\" content=\"2020-05-20T05:36:17+00:00\" \/>\n<meta name=\"twitter:card\" content=\"summary_large_image\" \/>\n<meta name=\"twitter:label1\" content=\"\u041f\u0440\u043e\u0446\u0435\u045a\u0435\u043d\u043e \u0432\u0440\u0435\u043c\u0435 \u0447\u0438\u0442\u0430\u045a\u0430\" \/>\n\t<meta name=\"twitter:data1\" content=\"3 \u043c\u0438\u043d\u0443\u0442\u0430\" \/>\n<script type=\"application\/ld+json\" class=\"yoast-schema-graph\">{\"@context\":\"https:\/\/schema.org\",\"@graph\":[{\"@type\":\"WebPage\",\"@id\":\"https:\/\/blagobisernogostrva.com\/?page_id=55\",\"url\":\"https:\/\/blagobisernogostrva.com\/?page_id=55\",\"name\":\"O nama - Blago Bisernog Ostrva\",\"isPartOf\":{\"@id\":\"https:\/\/blagobisernogostrva.com\/#website\"},\"datePublished\":\"2020-04-06T19:41:40+00:00\",\"dateModified\":\"2020-05-20T05:36:17+00:00\",\"breadcrumb\":{\"@id\":\"https:\/\/blagobisernogostrva.com\/?page_id=55#breadcrumb\"},\"inLanguage\":\"sr-RS\",\"potentialAction\":[{\"@type\":\"ReadAction\",\"target\":[\"https:\/\/blagobisernogostrva.com\/?page_id=55\"]}]},{\"@type\":\"BreadcrumbList\",\"@id\":\"https:\/\/blagobisernogostrva.com\/?page_id=55#breadcrumb\",\"itemListElement\":[{\"@type\":\"ListItem\",\"position\":1,\"name\":\"Home\",\"item\":\"https:\/\/blagobisernogostrva.com\/\"},{\"@type\":\"ListItem\",\"position\":2,\"name\":\"O nama\"}]},{\"@type\":\"WebSite\",\"@id\":\"https:\/\/blagobisernogostrva.com\/#website\",\"url\":\"https:\/\/blagobisernogostrva.com\/\",\"name\":\"Blago Bisernog Ostrva\",\"description\":\"Va\u0161 najsla\u0111i zalogaj\",\"publisher\":{\"@id\":\"https:\/\/blagobisernogostrva.com\/#organization\"},\"potentialAction\":[{\"@type\":\"SearchAction\",\"target\":{\"@type\":\"EntryPoint\",\"urlTemplate\":\"https:\/\/blagobisernogostrva.com\/?s={search_term_string}\"},\"query-input\":{\"@type\":\"PropertyValueSpecification\",\"valueRequired\":true,\"valueName\":\"search_term_string\"}}],\"inLanguage\":\"sr-RS\"},{\"@type\":\"Organization\",\"@id\":\"https:\/\/blagobisernogostrva.com\/#organization\",\"name\":\"Blago Bisernog Ostrva - \u017ditoprerada DM\",\"url\":\"https:\/\/blagobisernogostrva.com\/\",\"logo\":{\"@type\":\"ImageObject\",\"inLanguage\":\"sr-RS\",\"@id\":\"https:\/\/blagobisernogostrva.com\/#\/schema\/logo\/image\/\",\"url\":\"https:\/\/blagobisernogostrva.com\/wp-content\/uploads\/2020\/04\/blagobisernogostrva-logo.png\",\"contentUrl\":\"https:\/\/blagobisernogostrva.com\/wp-content\/uploads\/2020\/04\/blagobisernogostrva-logo.png\",\"width\":300,\"height\":139,\"caption\":\"Blago Bisernog Ostrva - \u017ditoprerada DM\"},\"image\":{\"@id\":\"https:\/\/blagobisernogostrva.com\/#\/schema\/logo\/image\/\"}}]}<\/script>\n<!-- \/ Yoast SEO plugin. -->","yoast_head_json":{"title":"O nama - Blago Bisernog Ostrva","robots":{"index":"index","follow":"follow","max-snippet":"max-snippet:-1","max-image-preview":"max-image-preview:large","max-video-preview":"max-video-preview:-1"},"canonical":"https:\/\/blagobisernogostrva.com\/?page_id=55","og_locale":"sr_RS","og_type":"article","og_title":"O nama - Blago Bisernog Ostrva","og_description":"\u017ditoprerada DM, je poslovni partner kompanijama na \u010detiri kontinenta. Na\u0161i proizvodi, pod brendom \u201eBlago Bisernog Ostrva\u201c\u00a0i brendom na\u0161ih kupaca i poslovnih partnera, se nalaze na tr\u017ei\u0161tima Evrope, Amerike, Azije i Australije. Ovo smo zavredili \u010dinjenicom, da smo uspeli da shvatimo \u017eelje i zahteve kupaca i da smo im te zahteve ispunili. Mi jednostavno proizvodimo po [&hellip;]","og_url":"https:\/\/blagobisernogostrva.com\/?page_id=55","og_site_name":"Blago Bisernog Ostrva","article_modified_time":"2020-05-20T05:36:17+00:00","twitter_card":"summary_large_image","twitter_misc":{"\u041f\u0440\u043e\u0446\u0435\u045a\u0435\u043d\u043e \u0432\u0440\u0435\u043c\u0435 \u0447\u0438\u0442\u0430\u045a\u0430":"3 \u043c\u0438\u043d\u0443\u0442\u0430"},"schema":{"@context":"https:\/\/schema.org","@graph":[{"@type":"WebPage","@id":"https:\/\/blagobisernogostrva.com\/?page_id=55","url":"https:\/\/blagobisernogostrva.com\/?page_id=55","name":"O nama - Blago Bisernog Ostrva","isPartOf":{"@id":"https:\/\/blagobisernogostrva.com\/#website"},"datePublished":"2020-04-06T19:41:40+00:00","dateModified":"2020-05-20T05:36:17+00:00","breadcrumb":{"@id":"https:\/\/blagobisernogostrva.com\/?page_id=55#breadcrumb"},"inLanguage":"sr-RS","potentialAction":[{"@type":"ReadAction","target":["https:\/\/blagobisernogostrva.com\/?page_id=55"]}]},{"@type":"BreadcrumbList","@id":"https:\/\/blagobisernogostrva.com\/?page_id=55#breadcrumb","itemListElement":[{"@type":"ListItem","position":1,"name":"Home","item":"https:\/\/blagobisernogostrva.com\/"},{"@type":"ListItem","position":2,"name":"O nama"}]},{"@type":"WebSite","@id":"https:\/\/blagobisernogostrva.com\/#website","url":"https:\/\/blagobisernogostrva.com\/","name":"Blago Bisernog Ostrva","description":"Va\u0161 najsla\u0111i zalogaj","publisher":{"@id":"https:\/\/blagobisernogostrva.com\/#organization"},"potentialAction":[{"@type":"SearchAction","target":{"@type":"EntryPoint","urlTemplate":"https:\/\/blagobisernogostrva.com\/?s={search_term_string}"},"query-input":{"@type":"PropertyValueSpecification","valueRequired":true,"valueName":"search_term_string"}}],"inLanguage":"sr-RS"},{"@type":"Organization","@id":"https:\/\/blagobisernogostrva.com\/#organization","name":"Blago Bisernog Ostrva - \u017ditoprerada DM","url":"https:\/\/blagobisernogostrva.com\/","logo":{"@type":"ImageObject","inLanguage":"sr-RS","@id":"https:\/\/blagobisernogostrva.com\/#\/schema\/logo\/image\/","url":"https:\/\/blagobisernogostrva.com\/wp-content\/uploads\/2020\/04\/blagobisernogostrva-logo.png","contentUrl":"https:\/\/blagobisernogostrva.com\/wp-content\/uploads\/2020\/04\/blagobisernogostrva-logo.png","width":300,"height":139,"caption":"Blago Bisernog Ostrva - \u017ditoprerada DM"},"image":{"@id":"https:\/\/blagobisernogostrva.com\/#\/schema\/logo\/image\/"}}]}},"_links":{"self":[{"href":"https:\/\/blagobisernogostrva.com\/index.php?rest_route=\/wp\/v2\/pages\/55","targetHints":{"allow":["GET"]}}],"collection":[{"href":"https:\/\/blagobisernogostrva.com\/index.php?rest_route=\/wp\/v2\/pages"}],"about":[{"href":"https:\/\/blagobisernogostrva.com\/index.php?rest_route=\/wp\/v2\/types\/page"}],"author":[{"embeddable":true,"href":"https:\/\/blagobisernogostrva.com\/index.php?rest_route=\/wp\/v2\/users\/1"}],"replies":[{"embeddable":true,"href":"https:\/\/blagobisernogostrva.com\/index.php?rest_route=%2Fwp%2Fv2%2Fcomments&post=55"}],"version-history":[{"count":8,"href":"https:\/\/blagobisernogostrva.com\/index.php?rest_route=\/wp\/v2\/pages\/55\/revisions"}],"predecessor-version":[{"id":400,"href":"https:\/\/blagobisernogostrva.com\/index.php?rest_route=\/wp\/v2\/pages\/55\/revisions\/400"}],"wp:attachment":[{"href":"https:\/\/blagobisernogostrva.com\/index.php?rest_route=%2Fwp%2Fv2%2Fmedia&parent=55"}],"curies":[{"name":"wp","href":"https:\/\/api.w.org\/{rel}","templated":true}]}}